{"id":240,"date":"2020-11-02T12:57:26","date_gmt":"2020-11-02T11:57:26","guid":{"rendered":"http:\/\/penthouse55.de\/start\/?page_id=240"},"modified":"2023-07-19T19:20:41","modified_gmt":"2023-07-19T17:20:41","slug":"impressum","status":"publish","type":"page","link":"https:\/\/penthouse55.de\/start\/impressum\/","title":{"rendered":"Impressum"},"content":{"rendered":"<div>\n<p>Angaben wegen \u00a76 des Mediendienstestaatsvertrags: \u201cDer Betreiber muss seine Adresse auf der Site angeben\u201d \/ \u00a720 des Mediendienstestaatsvertrags: \u201cKeine fehlende oder falsche Anbieterkennzeichnung\u201d \/ \u00a76 des Teledienstgesetzes: \u201cDer Betreiber muss seine Adresse auf der Site angeben\u201d und \u00a712 des Teledienstgesetzes: \u201cKeine fehlende oder falsche Anbieterkennzeichnung\u201d:<\/p>\n<p><strong>Site-Inhaber:<\/strong><\/p>\n<p><strong>PENTHOUSE55<\/strong><br \/>\nSiebenlindenstrasse 55<br \/>\n72108 Rottenburg\/Neckar<br \/>\nInh.: G.H. Zimmervermietung<br \/>\nHandelsregister: folgt<br \/>\nUmsatzsteuer-Identifikationsnummer: folgt<\/p>\n<p><strong>Telefon: <\/strong>07472\/9499117<\/p>\n<p><strong>E-Mail: <\/strong>nettemaedels1(at)aol.com<\/p>\n<p><strong>Webdesign und Programmierung:<br \/>\n<\/strong><br \/>\n<strong>Webdesign D\u00dcW &amp; ROHIL IT<\/strong><br \/>\nHauptstra\u00dfe 61<br \/>\n67471 Elmstein<br \/>\nweb: <a href=\"http:\/\/www.rohil.it\">www.rohil.it<\/a><br \/>\neMail: <a href=\"mailto:info@rohil.it\">info@rohil.it<\/a><br \/>\nTel: 06328&nbsp; &#8211;&nbsp; 989 85 66<\/p>\n<p>Alle Informationen und Erkl\u00e4rungen dieser Internetseiten sind unverbindlich. Wir \u00fcbernehmen f\u00fcr die Richtigkeit und Vollst\u00e4ndigkeit der Inhalte keine Gew\u00e4hr. Es werden keine Garantien \u00fcbernommen und keine Zusicherung von Produkteigenschaften gegeben. Aus den Inhalten der Internetseiten ergeben sich keine Rechtsanspr\u00fcche.<br \/>\nFehler im Inhalt werden bei Kenntnis dar\u00fcber unverz\u00fcglich korrigiert. Dar\u00fcber hinaus werden von Zeit zu Zeit inhaltliche \u00c4nderungen vorgenommen. Die von diesen Internetseiten aus durch Links zug\u00e4nglichen Informationen auf anderen Internetseiten werden von uns nicht st\u00e4ndig kontrolliert, so dass wir nicht f\u00fcr deren Inhalt verantwortlich sind.<\/p>\n<p><strong>Herunterladen von Daten und Software<\/strong><\/p>\n<p>Wir \u00fcbernehmen keine Gew\u00e4hr f\u00fcr die Fehlerfreiheit von Daten und Software, die von den Internetseiten heruntergeladen werden k\u00f6nnen. Die Software wird von uns auf Virenbefall \u00fcberpr\u00fcft. Wir empfehlen dennoch, Daten und Software nach dem Herunterladen auf Virenbefall mit jeweils neuester Virensuchsoftware zu pr\u00fcfen.<\/p>\n<p><strong>Urheberrechte und Sonderschutzrechte<\/strong><\/p>\n<p>Der Inhalt dieser Internetseiten ist urheberrechtlich gesch\u00fctzt. Es darf lediglich eine Kopie der auf dieser Internetseite vorgefundenen Informationen f\u00fcr Ihren internen Gebrauch heruntergeladen werden. Im \u00dcbrigen d\u00fcrfen Logos, Grafiken, Bilder, T\u00f6ne oder Texte auf diesen Internetseiten nur nach schriftlicher Genehmigung durch den Autor oder einen von ihm bestimmten Vertreter ge\u00e4ndert oder ver\u00f6ffentlicht werden. Alle innerhalb des Internetangebotes genannten und ggf. durch Dritte gesch\u00fctzten Marken- und Warenzeichen unterliegen uneingeschr\u00e4nkt den Bestimmungen des jeweils g\u00fcltigen Kennzeichenrechts und den Besitzrechten der jeweiligen eingetragenen Eigent\u00fcmer. Allein aufgrund der blosen Nennung ist nicht der Schluss zu ziehen, dass Markenzeichen nicht durch Rechte Dritter gesch\u00fctzt sind. Das Copyright f\u00fcr ver\u00f6ffentlichte, vom Autor selbst erstellte Objekte bleibt allein beim Autor der Seiten.<\/p>\n<p>&nbsp;<br \/>\n<!-- Anfang Quellcode JS-Beauftragter --><\/p>\n<div id=\"Jugendschutzbeauftragter\" style=\"position: relative; padding: 10px; background-color: #ffffff; width: 350px; font-family: Verdana,Arial,Helvetica,sans-serif; font-size: 1rem; color: #616161; border: 1px solid #616161;\">\n<div>\n<p><a style=\"font-family: Verdana,Arial,Helvetica,sans-serif; font-weight: bold; font-size: 1rem; color: #616161; text-decoration: none;\" title=\"JS-Beauftragter.de als Jugendschutzbeauftragter\" href=\"http:\/\/www.JS-Beauftragter.de\" target=\"_blank\" rel=\"noopener\">Jugendschutzbeauftragter<\/a><\/p>\n<p>&nbsp;&nbsp;&nbsp;&nbsp;&nbsp;&nbsp;&nbsp; gestellt von:<\/p>\n<\/div>\n<div style=\"margin-top: 10px;\">\n<p><a style=\"font-family: Verdana,Arial,Helvetica,sans-serif; font-weight: normal; color: #616161; text-decoration: underline;\" title=\"Jugendschutzbeauftragter von JS-Beauftragter.de\" href=\"http:\/\/www.JS-Beauftragter.de\" target=\"_blank\" rel=\"noopener\">JS-Beauftragter.de<\/a><\/p>\n<\/div>\n<div style=\"margin-top: 5px;\">Anna Laduch<\/div>\n<div>Landsberger Str. 4<\/div>\n<div>45219 Essen<\/div>\n<div style=\"font-weight: bold, font-size: 0.8rem; margin-top: 10px;\">Nur Jugendschutzthemen, kein Support!<\/div>\n<div style=\"margin-top: 10px; width: 320px;\">\n<div style=\"display: flex; justify-content: space-between;\">\n<div>Tel:<\/div>\n<div>+49 20 54 \/ 124 43 -48<\/div>\n<\/div>\n<div style=\"display: flex; justify-content: space-between;\">\n<div>Fax:<\/div>\n<div>+49 20 54 \/ 124 43 -49<\/div>\n<\/div>\n<\/div>\n<div style=\"width: 320px;\">\n<div style=\"display: flex; justify-content: space-between; margin-top: 10px;\">\n<div>Web:<\/div>\n<div>\n<p>&nbsp;&nbsp;&nbsp;&nbsp;&nbsp;&nbsp;&nbsp; &nbsp;&nbsp;&nbsp;&nbsp;&nbsp;&nbsp;&nbsp; &nbsp;&nbsp;&nbsp;&nbsp;&nbsp;&nbsp;&nbsp; &nbsp;&nbsp;&nbsp;&nbsp;&nbsp;&nbsp;&nbsp;&nbsp;&nbsp;&nbsp;&nbsp;&nbsp;&nbsp;&nbsp; &nbsp;&nbsp;&nbsp;&nbsp;&nbsp;&nbsp;&nbsp; &nbsp;&nbsp;&nbsp;&nbsp;&nbsp;&nbsp;&nbsp; &nbsp;&nbsp;&nbsp;&nbsp;&nbsp;&nbsp;&nbsp; www.js-beauftragter.de<\/p>\n<p>&nbsp;&nbsp;&nbsp;&nbsp;&nbsp;&nbsp;&nbsp; &nbsp;&nbsp;&nbsp;&nbsp;&nbsp;&nbsp;&nbsp; &nbsp;&nbsp;&nbsp;&nbsp;&nbsp;&nbsp;&nbsp;<\/p>\n<\/div>\n<\/div>\n<div style=\"display: flex; justify-content: space-between;\">\n<div>Mail:<\/div>\n<div>info (a@t) js-beauftragter.de<\/div>\n<\/div>\n<\/div>\n<\/div>\n<\/div>\n<div><strong><a href=\"https:\/\/www.jugendschutzprogramm.de\/windows\/\"><img loading=\"lazy\" decoding=\"async\" class=\"alignnone size-full wp-image-241\" src=\"http:\/\/penthouse55.de\/start\/wp-content\/uploads\/2020\/11\/jusprog-age-de-icon-18.png\" alt=\"\" width=\"156\" height=\"31\" srcset=\"https:\/\/penthouse55.de\/start\/wp-content\/uploads\/2020\/11\/jusprog-age-de-icon-18.png 156w, https:\/\/penthouse55.de\/start\/wp-content\/uploads\/2020\/11\/jusprog-age-de-icon-18-150x31.png 150w\" sizes=\"auto, (max-width: 156px) 100vw, 156px\" \/><\/a><br \/>\n<\/strong><\/div>\n<div>&nbsp;<\/div>\n","protected":false},"excerpt":{"rendered":"<p>Angaben wegen \u00a76 des Mediendienstestaatsvertrags: \u201cDer Betreiber muss seine Adresse auf der Site angeben\u201d \/ &hellip; <\/p>\n","protected":false},"author":1,"featured_media":0,"parent":0,"menu_order":0,"comment_status":"closed","ping_status":"closed","template":"","meta":{"ngg_post_thumbnail":0,"footnotes":""},"class_list":["post-240","page","type-page","status-publish","hentry","latest_post"],"_links":{"self":[{"href":"https:\/\/penthouse55.de\/start\/wp-json\/wp\/v2\/pages\/240","targetHints":{"allow":["GET"]}}],"collection":[{"href":"https:\/\/penthouse55.de\/start\/wp-json\/wp\/v2\/pages"}],"about":[{"href":"https:\/\/penthouse55.de\/start\/wp-json\/wp\/v2\/types\/page"}],"author":[{"embeddable":true,"href":"https:\/\/penthouse55.de\/start\/wp-json\/wp\/v2\/users\/1"}],"replies":[{"embeddable":true,"href":"https:\/\/penthouse55.de\/start\/wp-json\/wp\/v2\/comments?post=240"}],"version-history":[{"count":9,"href":"https:\/\/penthouse55.de\/start\/wp-json\/wp\/v2\/pages\/240\/revisions"}],"predecessor-version":[{"id":4917,"href":"https:\/\/penthouse55.de\/start\/wp-json\/wp\/v2\/pages\/240\/revisions\/4917"}],"wp:attachment":[{"href":"https:\/\/penthouse55.de\/start\/wp-json\/wp\/v2\/media?parent=240"}],"curies":[{"name":"wp","href":"https:\/\/api.w.org\/{rel}","templated":true}]}}