{"id":3195,"date":"2022-05-26T06:42:13","date_gmt":"2022-05-26T04:42:13","guid":{"rendered":"https:\/\/penthouse55.de\/start\/?page_id=3195"},"modified":"2025-11-08T10:48:06","modified_gmt":"2025-11-08T09:48:06","slug":"anabelle","status":"publish","type":"page","link":"https:\/\/penthouse55.de\/start\/anabelle\/","title":{"rendered":"Anabelle"},"content":{"rendered":"<div id=\"pl-3195\"  class=\"panel-layout\" ><div id=\"pg-3195-0\"  class=\"panel-grid panel-no-style\" ><div id=\"pgc-3195-0-0\"  class=\"panel-grid-cell\" ><div id=\"panel-3195-0-0-0\" class=\"so-panel widget widget_sow-editor panel-first-child panel-last-child\" data-index=\"0\" ><div\n\t\t\t\n\t\t\tclass=\"so-widget-sow-editor so-widget-sow-editor-base\"\n\t\t\t\n\t\t>\n<div class=\"siteorigin-widget-tinymce textwidget\">\n\tngg_shortcode_0_placeholder\n<\/div>\n<\/div><\/div><\/div><\/div><div id=\"pg-3195-1\"  class=\"panel-grid panel-no-style\" ><div id=\"pgc-3195-1-0\"  class=\"panel-grid-cell\" ><div id=\"panel-3195-1-0-0\" class=\"so-panel widget widget_sow-editor panel-first-child panel-last-child\" data-index=\"1\" ><div\n\t\t\t\n\t\t\tclass=\"so-widget-sow-editor so-widget-sow-editor-base\"\n\t\t\t\n\t\t>\n<div class=\"siteorigin-widget-tinymce textwidget\">\n\t<h4><strong><big>\u00dcber:<\/big><\/strong><\/h4>\n<p><big>Anabelle...<\/big><\/p>\n<p>Alter: 32<br \/>\nLand: Osteuropa<br \/>\nGr\u00f6\u00dfe: 1,80<br \/>\nOberweite: 80C<br \/>\nKonfektionsgr\u00f6\u00dfe: 30<br \/>\nHaare: braun<br \/>\nIntimbereich: total rasiert<br \/>\n&nbsp;<\/p>\n<\/div>\n<\/div><\/div><\/div><div id=\"pgc-3195-1-1\"  class=\"panel-grid-cell\" ><div id=\"panel-3195-1-1-0\" class=\"so-panel widget widget_sow-editor panel-first-child panel-last-child\" data-index=\"2\" ><div\n\t\t\t\n\t\t\tclass=\"so-widget-sow-editor so-widget-sow-editor-base\"\n\t\t\t\n\t\t>\n<div class=\"siteorigin-widget-tinymce textwidget\">\n\t<h3><strong>SERVICE:<\/strong><\/h3>\n<p>Verkehr in versch. Stellungen<br \/>\nbeidseitig franz\u00f6sisch<br \/>\nLecken<br \/>\nBlasen<br \/>\nEierlecken<br \/>\nK\u00f6rperbesamung<br \/>\nFingerspiele<br \/>\nProstatamassage<br \/>\nFacesitting<br \/>\nVerbalerotik<br \/>\nerotische Massage<br \/>\nFu\u00dferotik<br \/>\nDuschspass<\/p>\n<\/div>\n<\/div><\/div><\/div><div id=\"pgc-3195-1-2\"  class=\"panel-grid-cell\" ><div id=\"panel-3195-1-2-0\" class=\"so-panel widget widget_sow-editor panel-first-child panel-last-child\" data-index=\"3\" ><div\n\t\t\t\n\t\t\tclass=\"so-widget-sow-editor so-widget-sow-editor-base\"\n\t\t\t\n\t\t>\n<div class=\"siteorigin-widget-tinymce textwidget\">\n\t<h3><strong>Termine:<\/strong><\/h3>\n<p>09.03. - 15.03.2025<\/p>\n<p><big>Montag - Samstag<\/big><\/p>\n<\/div>\n<\/div><\/div><\/div><\/div><div id=\"pg-3195-2\"  class=\"panel-grid panel-no-style\" ><div id=\"pgc-3195-2-0\"  class=\"panel-grid-cell\" ><div id=\"panel-3195-2-0-0\" class=\"so-panel widget widget_sow-editor panel-first-child panel-last-child\" data-index=\"4\" ><div\n\t\t\t\n\t\t\tclass=\"so-widget-sow-editor so-widget-sow-editor-base\"\n\t\t\t\n\t\t>\n<div class=\"siteorigin-widget-tinymce textwidget\">\n\t<h6><details class=\"wp-block-inline-spoilers-block\"><summary>Meine Preise<\/summary>\n<table border=\"1\">\n<tbody>\n<tr>\n<td>\n<h6>15 min.<\/h6>\n<\/td>\n<td>\n<h6>einseitig franz. + GV<\/h6>\n<\/td>\n<td>\n<h6>\u20ac 60,--<\/h6>\n<\/td>\n<\/tr>\n<tr>\n<td>\n<h6>30 min.<\/h6>\n<\/td>\n<td>\n<h6>einseitig franz. + GV<\/h6>\n<\/td>\n<td>\n<h6>\u20ac 80,--<\/h6>\n<\/td>\n<\/tr>\n<tr>\n<td>\n<h6>45 min.<\/h6>\n<\/td>\n<td>\n<h6>beidseitig franz., erotische Massage + GV<\/h6>\n<\/td>\n<td>\n<h6>\u20ac 100,--<\/h6>\n<\/td>\n<\/tr>\n<tr>\n<td>\n<h6>60 min.<\/h6>\n<\/td>\n<td>\n<h6>beidseitig franz., erotische Massage + 2x GV<\/h6>\n<\/td>\n<td>\n<h6>\u20ac 130,--<\/h6>\n<\/td>\n<\/tr>\n<\/tbody>\n<\/table>\n<h6>Die Preise f\u00fcr meinen individuellen Service bespreche ich pers\u00f6nlich vor Ort mit meinem Gast<\/h6>\n<h6><\/h6><\/details><\/h6>\n<\/div>\n<\/div><\/div><\/div><\/div><div id=\"pg-3195-3\"  class=\"panel-grid panel-no-style\" ><div id=\"pgc-3195-3-0\"  class=\"panel-grid-cell\" ><div id=\"panel-3195-3-0-0\" class=\"so-panel widget widget_sow-editor panel-first-child panel-last-child\" data-index=\"5\" ><div class=\"panel-widget-style panel-widget-style-for-3195-3-0-0\" ><div\n\t\t\t\n\t\t\tclass=\"so-widget-sow-editor so-widget-sow-editor-base\"\n\t\t\t\n\t\t>\n<div class=\"siteorigin-widget-tinymce textwidget\">\n\t<p><span style=\"font-size: 10pt;\"><strong>Wichtiger Hinweis<\/strong><br \/>\n<\/span><span style=\"font-size: 8pt;\">Bitte beachten Sie, dass die anwesenden Damen ihren Service als selbst\u00e4ndige Unternehmerinnen anbieten und in keinem rechtlichen T\u00e4tigkeitsverh\u00e4ltnis zu Penthouse 55 stehen. Verbindliche Absprachen bez\u00fcglich Art des Services, H\u00f6he der Verg\u00fctung sowie die Modalit\u00e4ten der Bezahlung finden ausschlie\u00dflich zwischen den Damen und deren G\u00e4sten statt. Die Dienstleistungen und Pr\u00e4sentationen erfolgen ausschlie\u00dflich im Auftrag, auf eigenen Namen und Rechnung, der Damen. Es besteht zu keiner Zeit ein begr\u00fcndetes Vertragsverh\u00e4ltnis und keine gesch\u00e4ftliche Beziehung zu Penthouse 55. Die Fotos der Ladies, werden ausschlie\u00dflich von den betreffenden Damen zur Verf\u00fcgung gestellt. Diese sind allein verantwortlich f\u00fcr die Darstellung. Die gesamte Pr\u00e4sentation, der Damen auf den Internetseiten von Penthouse 55, erfolgt ausschlie\u00dflich im Auftrag, auf eigenen Namen und Rechnung der Damen.<\/span><\/p>\n<p><!-- \/wp:heading --><!-- wp:paragraph --><\/p>\n<\/div>\n<\/div><\/div><\/div><\/div><\/div><\/div>","protected":false},"excerpt":{"rendered":"<p>\u00dcber: Anabelle&#8230; Alter: 32 Land: Osteuropa Gr\u00f6\u00dfe: 1,80 Oberweite: 80C Konfektionsgr\u00f6\u00dfe: 30 Haare: braun Intimbereich: &hellip; <\/p>\n","protected":false},"author":3,"featured_media":0,"parent":0,"menu_order":0,"comment_status":"closed","ping_status":"closed","template":"","meta":{"ngg_post_thumbnail":0,"footnotes":""},"class_list":["post-3195","page","type-page","status-publish","hentry","latest_post"],"_links":{"self":[{"href":"https:\/\/penthouse55.de\/start\/wp-json\/wp\/v2\/pages\/3195","targetHints":{"allow":["GET"]}}],"collection":[{"href":"https:\/\/penthouse55.de\/start\/wp-json\/wp\/v2\/pages"}],"about":[{"href":"https:\/\/penthouse55.de\/start\/wp-json\/wp\/v2\/types\/page"}],"author":[{"embeddable":true,"href":"https:\/\/penthouse55.de\/start\/wp-json\/wp\/v2\/users\/3"}],"replies":[{"embeddable":true,"href":"https:\/\/penthouse55.de\/start\/wp-json\/wp\/v2\/comments?post=3195"}],"version-history":[{"count":10,"href":"https:\/\/penthouse55.de\/start\/wp-json\/wp\/v2\/pages\/3195\/revisions"}],"predecessor-version":[{"id":8401,"href":"https:\/\/penthouse55.de\/start\/wp-json\/wp\/v2\/pages\/3195\/revisions\/8401"}],"wp:attachment":[{"href":"https:\/\/penthouse55.de\/start\/wp-json\/wp\/v2\/media?parent=3195"}],"curies":[{"name":"wp","href":"https:\/\/api.w.org\/{rel}","templated":true}]}}